{"id":65,"date":"2025-01-05T16:30:00","date_gmt":"2025-01-05T15:30:00","guid":{"rendered":"https:\/\/www.psychotherapie-natter.de\/?page_id=65"},"modified":"2025-03-16T18:51:40","modified_gmt":"2025-03-16T17:51:40","slug":"impressum","status":"publish","type":"page","link":"https:\/\/psychotherapie-natter.de\/?page_id=65","title":{"rendered":"Impressum"},"content":{"rendered":"\n<p>M.Sc. Stephanie Natter<br>Psychologische Psychotherapeutin (VT)<br>Marienstra\u00dfe 16<br>90402 N\u00fcrnberg<\/p>\n\n\n\n<div style=\"height:20px\" aria-hidden=\"true\" class=\"wp-block-spacer\"><\/div>\n\n\n\n<h2 class=\"wp-block-heading has-medium-font-size\">Zust\u00e4ndige Aufsichtsbeh\u00f6rde\/Berufsordnung:<\/h2>\n\n\n\n<p>Psychotherapeutenkammer Bayern<br>Birketweg 30, 90369 M\u00fcnchen<br>Internet:&nbsp;<a href=\"https:\/\/www.ptk-bayern.de\/\" target=\"_blank\" rel=\"noreferrer noopener\">https:\/\/www.ptk-bayern.de<\/a><\/p>\n\n\n\n<div style=\"height:20px\" aria-hidden=\"true\" class=\"wp-block-spacer\"><\/div>\n\n\n\n<h2 class=\"wp-block-heading has-medium-font-size\">Zust\u00e4ndige Kassen\u00e4rztliche Vereinigung:<\/h2>\n\n\n\n<p>Kassen\u00e4rztliche Vereinigung Bayerns,<br>Eisenheimerstr. 39, 80687 M\u00fcnchen<br>Internet:&nbsp;<a href=\"https:\/\/www.kvb.de\/\">https:\/\/www.kvb.de<\/a><\/p>\n\n\n\n<div style=\"height:20px\" aria-hidden=\"true\" class=\"wp-block-spacer\"><\/div>\n\n\n\n<h2 class=\"wp-block-heading has-medium-font-size\">Berufsrecht<\/h2>\n\n\n\n<p>Psychotherapeutengesetz (PsychThG)&nbsp;<a href=\"https:\/\/www.ptk-bayern.de\/ptk\/web.nsf\/id\/li_rechtsquellen.html\" target=\"_blank\" rel=\"noreferrer noopener\">https:\/\/www.ptk-bayern.de\/ptk\/web.nsf\/id\/li_rechtsquellen.html<\/a><br>Berufsordnung: Psychotherapeutenkammer Bayern&nbsp;<a href=\"https:\/\/www.ptk-bayern.de\/ptk\/web.nsf\/id\/li_satzungen.html\" target=\"_blank\" rel=\"noreferrer noopener\">https:\/\/www.ptk-bayern.de\/ptk\/web.nsf\/id\/li_satzungen.html<\/a><br>Heilberufe-Kammergesetz (HKaG)&nbsp;<a href=\"https:\/\/ptk-bayern.de\/ptk\/web.nsf\/id\/li_rechtsquellen.html\" target=\"_blank\" rel=\"noreferrer noopener\">https:\/\/ptk-bayern.de\/ptk\/web.nsf\/id\/li_rechtsquellen.html<\/a><br>Berufsbezeichnung: Psychologische Psychotherapeutin (verliehen in der Bundesrepublik Deutschland)<br>Approbation als Psychologische Psychotherapeutin durch das Bayerische Staatsministerium f\u00fcr Arbeit und Sozialordnung, Familie, Frauen und Gesundheit<br>Arztregistereintrag: Kassen\u00e4rztliche Vereinigung Bayern, Bezirksstelle Mittelfranken<\/p>\n\n\n\n<div style=\"height:20px\" aria-hidden=\"true\" class=\"wp-block-spacer\"><\/div>\n\n\n\n<h2 class=\"wp-block-heading has-medium-font-size\">Haftungshinweis<\/h2>\n\n\n\n<p>Trotz sorgf\u00e4ltiger inhaltlicher Kontrolle wird keine Haftung f\u00fcr die Inhalte externer Links \u00fcbernommen. F\u00fcr den Inhalt der verlinkten Seiten sind ausschlie\u00dflich deren BetreiberInnen verantwortlich. Die Website der Herausgeberin kann zudem von anderen Websites ohne ihr Wissen verlinkt sein. Die Herausgeberin \u00fcbernimmt keine Verantwortung daf\u00fcr in Websites Dritter.<\/p>\n\n\n\n<p>Die Angaben auf dieser Website erfolgen ausschlie\u00dflich zur allgemeinen Information. Sie sind keine Beratung bzw. ein konkretes Vertragsangebot. Die Informationen werden regelm\u00e4\u00dfig \u00fcberpr\u00fcft und aktualisiert.<\/p>\n\n\n\n<p><\/p>\n\n\n\n<p><\/p>\n\n\n\n<h2 class=\"wp-block-heading\"><\/h2>\n","protected":false},"excerpt":{"rendered":"<p>M.Sc. Stephanie NatterPsychologische Psychotherapeutin (VT)Marienstra\u00dfe 1690402 N\u00fcrnberg Zust\u00e4ndige Aufsichtsbeh\u00f6rde\/Berufsordnung: Psychotherapeutenkammer BayernBirketweg 30, 90369 M\u00fcnchenInternet:&nbsp;https:\/\/www.ptk-bayern.de Zust\u00e4ndige Kassen\u00e4rztliche Vereinigung: Kassen\u00e4rztliche Vereinigung Bayerns,Eisenheimerstr. 39, 80687 M\u00fcnchenInternet:&nbsp;https:\/\/www.kvb.de Berufsrecht Psychotherapeutengesetz<\/p>\n","protected":false},"author":1,"featured_media":0,"parent":0,"menu_order":0,"comment_status":"closed","ping_status":"closed","template":"","meta":{"footnotes":""},"class_list":["post-65","page","type-page","status-publish","hentry"],"_links":{"self":[{"href":"https:\/\/psychotherapie-natter.de\/index.php?rest_route=\/wp\/v2\/pages\/65","targetHints":{"allow":["GET"]}}],"collection":[{"href":"https:\/\/psychotherapie-natter.de\/index.php?rest_route=\/wp\/v2\/pages"}],"about":[{"href":"https:\/\/psychotherapie-natter.de\/index.php?rest_route=\/wp\/v2\/types\/page"}],"author":[{"embeddable":true,"href":"https:\/\/psychotherapie-natter.de\/index.php?rest_route=\/wp\/v2\/users\/1"}],"replies":[{"embeddable":true,"href":"https:\/\/psychotherapie-natter.de\/index.php?rest_route=%2Fwp%2Fv2%2Fcomments&post=65"}],"version-history":[{"count":11,"href":"https:\/\/psychotherapie-natter.de\/index.php?rest_route=\/wp\/v2\/pages\/65\/revisions"}],"predecessor-version":[{"id":498,"href":"https:\/\/psychotherapie-natter.de\/index.php?rest_route=\/wp\/v2\/pages\/65\/revisions\/498"}],"wp:attachment":[{"href":"https:\/\/psychotherapie-natter.de\/index.php?rest_route=%2Fwp%2Fv2%2Fmedia&parent=65"}],"curies":[{"name":"wp","href":"https:\/\/api.w.org\/{rel}","templated":true}]}}