{"id":29,"date":"2025-01-05T14:52:27","date_gmt":"2025-01-05T13:52:27","guid":{"rendered":"https:\/\/www.psychotherapie-natter.de\/?page_id=29"},"modified":"2026-04-23T14:56:23","modified_gmt":"2026-04-23T12:56:23","slug":"praxis","status":"publish","type":"page","link":"https:\/\/psychotherapie-natter.de\/?page_id=29","title":{"rendered":"Praxis"},"content":{"rendered":"\n<div style=\"height:20px\" aria-hidden=\"true\" class=\"wp-block-spacer\"><\/div>\n\n\n\n<p>Die Praxis befindet sich zentral gelegen in der Marienstra\u00dfe 16, 90402 N\u00fcrnberg. Sie ist barrierefrei und \u00fcber den Hintereingang mit Hilfe einer Rampe auch f\u00fcr RollstuhlfahrerInnen zug\u00e4nglich. Meine Praxisr\u00e4ume sind Teil einer Gemeinschaftspraxis mit vier weiteren KollegInnen, der Wartebereich wird geteilt. Im Hinterhof befinden sich zwei Parkpl\u00e4tze (Beschildert: &#8220;Praxis f\u00fcr Psychotherapie&#8221;).<\/p>\n\n\n\n<div style=\"height:10px\" aria-hidden=\"true\" class=\"wp-block-spacer\"><\/div>\n\n\n\n<p><strong>Wegbeschreibung<\/strong>: vom Hauptbahnhof N\u00fcrnberg aus innerhalb von 10 Gehminuten erreichbar. Folgen Sie einfach oberirdisch der Bahnhofsstra\u00dfe oder unterirdisch den Weg Richtung ZOB (Zentraler Omnibusbahnhof), diesen Platz \u00fcberqueren Sie und halten sich dann beim Willy-Brandt-Platz rechts, um die Marienstra\u00dfe zu erreichen.<\/p>\n\n\n\n<div style=\"height:20px\" aria-hidden=\"true\" class=\"wp-block-spacer\"><\/div>\n\n\n\t\t\t<style>\r\n                #foogallery-gallery-407.fg-justified .fg-item {\r\n                    margin-right: 2px;\r\n                    margin-bottom: 2px;\r\n                }\r\n\r\n                #foogallery-gallery-407.fg-justified .fg-image {\r\n                    height: 200px;\r\n                }\r\n\t\t\t<\/style>\r\n\t\t\t<div class=\"foogallery foogallery-container foogallery-justified foogallery-lightbox-foogallery fg-justified fg-light fg-shadow-outline fg-loading-default fg-loaded-fade-in fg-caption-always fg-hover-fade fg-hover-zoom2 fg-ready\" id=\"foogallery-gallery-407\" data-foogallery=\"{&quot;item&quot;:{&quot;showCaptionTitle&quot;:true,&quot;showCaptionDescription&quot;:false},&quot;lazy&quot;:true,&quot;template&quot;:{&quot;rowHeight&quot;:200,&quot;maxRowHeight&quot;:300,&quot;margins&quot;:2,&quot;align&quot;:&quot;center&quot;,&quot;lastRow&quot;:&quot;smart&quot;}}\" data-foogallery-lightbox=\"{&quot;thumbs&quot;:&quot;bottom&quot;,&quot;thumbsCaptions&quot;:false,&quot;thumbsBestFit&quot;:false,&quot;thumbsSmall&quot;:false,&quot;thumbsCaptionsAlign&quot;:&quot;default&quot;,&quot;info&quot;:&quot;bottom&quot;,&quot;infoVisible&quot;:true,&quot;infoOverlay&quot;:true,&quot;infoAlign&quot;:&quot;default&quot;,&quot;transition&quot;:&quot;fade&quot;,&quot;hoverButtons&quot;:false,&quot;fitMedia&quot;:false,&quot;noScrollbars&quot;:true,&quot;preserveButtonSpace&quot;:true,&quot;buttons&quot;:{&quot;fullscreen&quot;:true,&quot;info&quot;:true,&quot;thumbs&quot;:false},&quot;video&quot;:{&quot;autoPlay&quot;:true}}\" >\r\n\t<div class=\"fg-item fg-type-image fg-idle\"><figure class=\"fg-item-inner\"><a href=\"https:\/\/psychotherapie-natter.de\/wp-content\/uploads\/2025\/03\/PXL_20250315_1520486082-scaled.jpg\" data-attachment-id=\"379\" data-type=\"image\" class=\"fg-thumb\"><span class=\"fg-image-wrap\"><img fetchpriority=\"high\" decoding=\"async\" height=\"300\" width=\"398\" class=\"skip-lazy fg-image\" data-src-fg=\"https:\/\/psychotherapie-natter.de\/wp-content\/uploads\/cache\/2025\/03\/PXL_20250315_1520486082-scaled\/1543051687.jpg\" src=\"data:image\/svg+xml,%3Csvg%20xmlns%3D%22http%3A%2F%2Fwww.w3.org%2F2000%2Fsvg%22%20width%3D%22398%22%20height%3D%22300%22%20viewBox%3D%220%200%20398%20300%22%3E%3C%2Fsvg%3E\" loading=\"eager\"><\/span><span class=\"fg-image-overlay\"><\/span><\/a><figcaption class=\"fg-caption\"><div class=\"fg-caption-inner\"><\/div><\/figcaption><\/figure><div class=\"fg-loader\"><\/div><\/div><div class=\"fg-item fg-type-image fg-idle\"><figure class=\"fg-item-inner\"><a href=\"https:\/\/psychotherapie-natter.de\/wp-content\/uploads\/2025\/03\/PXL_20250315_1518034592-scaled.jpg\" data-attachment-id=\"376\" data-type=\"image\" class=\"fg-thumb\"><span class=\"fg-image-wrap\"><img decoding=\"async\" height=\"300\" width=\"398\" class=\"skip-lazy fg-image\" data-src-fg=\"https:\/\/psychotherapie-natter.de\/wp-content\/uploads\/cache\/2025\/03\/PXL_20250315_1518034592-scaled\/3402973872.jpg\" src=\"data:image\/svg+xml,%3Csvg%20xmlns%3D%22http%3A%2F%2Fwww.w3.org%2F2000%2Fsvg%22%20width%3D%22398%22%20height%3D%22300%22%20viewBox%3D%220%200%20398%20300%22%3E%3C%2Fsvg%3E\" loading=\"eager\"><\/span><span class=\"fg-image-overlay\"><\/span><\/a><figcaption class=\"fg-caption\"><div class=\"fg-caption-inner\"><\/div><\/figcaption><\/figure><div class=\"fg-loader\"><\/div><\/div><\/div>\r\n\n","protected":false},"excerpt":{"rendered":"<p>Die Praxis befindet sich zentral gelegen in der Marienstra\u00dfe 16, 90402 N\u00fcrnberg. Sie ist barrierefrei und \u00fcber den Hintereingang mit Hilfe einer Rampe auch f\u00fcr<\/p>\n","protected":false},"author":1,"featured_media":0,"parent":0,"menu_order":0,"comment_status":"closed","ping_status":"closed","template":"","meta":{"footnotes":""},"class_list":["post-29","page","type-page","status-publish","hentry"],"_links":{"self":[{"href":"https:\/\/psychotherapie-natter.de\/index.php?rest_route=\/wp\/v2\/pages\/29","targetHints":{"allow":["GET"]}}],"collection":[{"href":"https:\/\/psychotherapie-natter.de\/index.php?rest_route=\/wp\/v2\/pages"}],"about":[{"href":"https:\/\/psychotherapie-natter.de\/index.php?rest_route=\/wp\/v2\/types\/page"}],"author":[{"embeddable":true,"href":"https:\/\/psychotherapie-natter.de\/index.php?rest_route=\/wp\/v2\/users\/1"}],"replies":[{"embeddable":true,"href":"https:\/\/psychotherapie-natter.de\/index.php?rest_route=%2Fwp%2Fv2%2Fcomments&post=29"}],"version-history":[{"count":25,"href":"https:\/\/psychotherapie-natter.de\/index.php?rest_route=\/wp\/v2\/pages\/29\/revisions"}],"predecessor-version":[{"id":557,"href":"https:\/\/psychotherapie-natter.de\/index.php?rest_route=\/wp\/v2\/pages\/29\/revisions\/557"}],"wp:attachment":[{"href":"https:\/\/psychotherapie-natter.de\/index.php?rest_route=%2Fwp%2Fv2%2Fmedia&parent=29"}],"curies":[{"name":"wp","href":"https:\/\/api.w.org\/{rel}","templated":true}]}}