{"id":21,"date":"2025-01-05T14:49:09","date_gmt":"2025-01-05T13:49:09","guid":{"rendered":"https:\/\/www.psychotherapie-natter.de\/?page_id=21"},"modified":"2026-04-23T14:36:59","modified_gmt":"2026-04-23T12:36:59","slug":"kontakt","status":"publish","type":"page","link":"https:\/\/psychotherapie-natter.de\/?page_id=21","title":{"rendered":"Kontakt"},"content":{"rendered":"\n<p><\/p>\n\n\n\n<p style=\"letter-spacing:0px\">M.Sc. Stephanie Natter <br>Psychologische Psychotherapeutin (VT) <br>Marienstra\u00dfe 16, 90402 N\u00fcrnberg<br>Tel: 0176 89 28 28 63<br><br><\/p>\n\n\n\n<h2 class=\"wp-block-heading has-medium-font-size\"><strong>Hinweis<\/strong><br><\/h2>\n\n\n\n<p>Um Ihnen per E-Mail antworten zu k\u00f6nnen, ben\u00f6tige ich Ihre Zustimmung gem\u00e4\u00df den Datenschutzbestimmungen. Diese Zustimmung k\u00f6nnen Sie durch Aktivieren des entsprechenden K\u00e4stchens unterhalb des Kontaktformulars erteilen. Wenn Sie diese Kontaktmethode w\u00e4hlen, stimmen Sie automatisch der elektronischen Kommunikation per E-Mail zu, auch wenn derzeit noch nicht alle Sicherheitsrisiken dieser Kommunikationsform bekannt sind. Sie haben das Recht, Ihre Einwilligung jederzeit mit Wirkung f\u00fcr die Zukunft zu widerrufen. Ausf\u00fchrliche Informationen zum Umgang mit Ihren Daten finden Sie in unserer <a href=\"http:\/\/psychotherapie-natter.de\/?page_id=62\" data-type=\"page\" data-id=\"62\">Datenschutzerkl\u00e4rung<\/a>.<\/p>\n\n\n\n<p class=\"has-medium-font-size\"><\/p>\n\n\n\n<div style=\"height:8px\" aria-hidden=\"true\" class=\"wp-block-spacer\"><\/div>\n\n\n\n<p class=\"has-medium-font-size\"><\/p>\n\n\n\n<div class=\"wp-block-group\"><div class=\"wp-block-group__inner-container is-layout-constrained wp-block-group-is-layout-constrained\">\n<h2 class=\"wp-block-heading has-medium-font-size\"><strong>Kontaktformular<\/strong><\/h2>\n\n\n\n<div style=\"height:8px\" aria-hidden=\"true\" class=\"wp-block-spacer\"><\/div>\n\n\n\n<p style=\"font-size:18px\">Gibt es <strong>freie Therapiepl\u00e4tze<\/strong>? <strong><mark style=\"background-color:rgba(0, 0, 0, 0)\" class=\"has-inline-color has-luminous-vivid-orange-color\">Aktuell gibt es leider keine freien Pl\u00e4tze (Stand April 2026).<\/mark><\/strong><\/p>\n\n\n\n<div class=\"wp-block-contact-form-7-contact-form-selector\">\n<div class=\"wpcf7 no-js\" id=\"wpcf7-f49-o1\" lang=\"de-DE\" dir=\"ltr\" data-wpcf7-id=\"49\">\n<div class=\"screen-reader-response\"><p role=\"status\" aria-live=\"polite\" aria-atomic=\"true\"><\/p> <ul><\/ul><\/div>\n<form action=\"\/index.php?rest_route=%2Fwp%2Fv2%2Fpages%2F21#wpcf7-f49-o1\" method=\"post\" class=\"wpcf7-form init\" aria-label=\"Kontaktformular\" novalidate=\"novalidate\" data-status=\"init\">\n<div style=\"display: none;\">\n<input type=\"hidden\" name=\"_wpcf7\" value=\"49\" \/>\n<input type=\"hidden\" name=\"_wpcf7_version\" value=\"6.0.2\" \/>\n<input type=\"hidden\" name=\"_wpcf7_locale\" value=\"de_DE\" \/>\n<input type=\"hidden\" name=\"_wpcf7_unit_tag\" value=\"wpcf7-f49-o1\" \/>\n<input type=\"hidden\" name=\"_wpcf7_container_post\" value=\"0\" \/>\n<input type=\"hidden\" name=\"_wpcf7_posted_data_hash\" value=\"\" \/>\n<\/div>\n<p><label> Geschlecht<br \/>\n<span class=\"wpcf7-form-control-wrap\" data-name=\"gender-type\"><select class=\"wpcf7-form-control wpcf7-select\" aria-invalid=\"false\" name=\"gender-type\"><option value=\"weiblich\">weiblich<\/option><option value=\"m\u00e4nnlich\">m\u00e4nnlich<\/option><option value=\"divers\">divers<\/option><option value=\"unbestimmt\">unbestimmt<\/option><option value=\"unbekannt\">unbekannt<\/option><\/select><\/span> <\/label>\n<\/p>\n<p><label> Name<br \/>\n<span class=\"wpcf7-form-control-wrap\" data-name=\"your-name\"><input size=\"40\" maxlength=\"400\" class=\"wpcf7-form-control wpcf7-text wpcf7-validates-as-required\" autocomplete=\"name\" aria-required=\"true\" aria-invalid=\"false\" value=\"\" type=\"text\" name=\"your-name\" \/><\/span> <\/label>\n<\/p>\n<p><label> E-Mail Adresse<br \/>\n<span class=\"wpcf7-form-control-wrap\" data-name=\"your-email\"><input size=\"40\" maxlength=\"400\" class=\"wpcf7-form-control wpcf7-email wpcf7-validates-as-required wpcf7-text wpcf7-validates-as-email\" autocomplete=\"email\" aria-required=\"true\" aria-invalid=\"false\" value=\"\" type=\"email\" name=\"your-email\" \/><\/span> <\/label>\n<\/p>\n<p><label> Telefonnummer<br \/>\n<span class=\"wpcf7-form-control-wrap\" data-name=\"tel-43\"><input size=\"40\" maxlength=\"400\" class=\"wpcf7-form-control wpcf7-tel wpcf7-validates-as-required wpcf7-text wpcf7-validates-as-tel\" aria-required=\"true\" aria-invalid=\"false\" value=\"\" type=\"tel\" name=\"tel-43\" \/><\/span> <\/label>\n<\/p>\n<p><label> Versicherungsart<br \/>\n<span class=\"wpcf7-form-control-wrap\" data-name=\"insurance-type\"><select class=\"wpcf7-form-control wpcf7-select\" aria-invalid=\"false\" name=\"insurance-type\"><option value=\"Gesetzlich\">Gesetzlich<\/option><option value=\"Privat\">Privat<\/option><\/select><\/span> <\/label>\n<\/p>\n<p><label> Krankenversicherung<br \/>\n<span class=\"wpcf7-form-control-wrap\" data-name=\"your-insurance\"><input size=\"40\" maxlength=\"400\" class=\"wpcf7-form-control wpcf7-text wpcf7-validates-as-required\" aria-required=\"true\" aria-invalid=\"false\" value=\"\" type=\"text\" name=\"your-insurance\" \/><\/span> <\/label>\n<\/p>\n<p><label> Nachricht<br \/>\n<span class=\"wpcf7-form-control-wrap\" data-name=\"your-message\"><textarea cols=\"40\" rows=\"10\" maxlength=\"2000\" class=\"wpcf7-form-control wpcf7-textarea\" aria-invalid=\"false\" name=\"your-message\"><\/textarea><\/span> <\/label>\n<\/p>\n<p><label> Einwilligungserkl\u00e4rung<br \/>\n<span class=\"wpcf7-form-control-wrap\" data-name=\"acceptance-125\"><span class=\"wpcf7-form-control wpcf7-acceptance\"><span class=\"wpcf7-list-item\"><label><input type=\"checkbox\" name=\"acceptance-125\" value=\"1\" aria-invalid=\"false\" \/><span class=\"wpcf7-list-item-label\">Ich stimme zu, dass meine Angaben aus dem Kontaktformular zur Beantwortung meiner Anfrage erhoben und verarbeitet werden. Die Daten werden nach abgeschlossener Bearbeitung meiner Anfrage gel\u00f6scht.<\/span><\/label><\/span><\/span><\/span> <\/label>\n<\/p>\n<p><input class=\"wpcf7-form-control wpcf7-submit has-spinner\" type=\"submit\" value=\"Senden\" \/>\n<\/p><div class=\"wpcf7-response-output\" aria-hidden=\"true\"><\/div>\n<\/form>\n<\/div>\n<\/div>\n<\/div><\/div>\n","protected":false},"excerpt":{"rendered":"<p>M.Sc. Stephanie Natter Psychologische Psychotherapeutin (VT) Marienstra\u00dfe 16, 90402 N\u00fcrnbergTel: 0176 89 28 28 63 Hinweis Um Ihnen per E-Mail antworten zu k\u00f6nnen, ben\u00f6tige ich<\/p>\n","protected":false},"author":1,"featured_media":0,"parent":0,"menu_order":0,"comment_status":"closed","ping_status":"closed","template":"","meta":{"footnotes":""},"class_list":["post-21","page","type-page","status-publish","hentry"],"_links":{"self":[{"href":"https:\/\/psychotherapie-natter.de\/index.php?rest_route=\/wp\/v2\/pages\/21","targetHints":{"allow":["GET"]}}],"collection":[{"href":"https:\/\/psychotherapie-natter.de\/index.php?rest_route=\/wp\/v2\/pages"}],"about":[{"href":"https:\/\/psychotherapie-natter.de\/index.php?rest_route=\/wp\/v2\/types\/page"}],"author":[{"embeddable":true,"href":"https:\/\/psychotherapie-natter.de\/index.php?rest_route=\/wp\/v2\/users\/1"}],"replies":[{"embeddable":true,"href":"https:\/\/psychotherapie-natter.de\/index.php?rest_route=%2Fwp%2Fv2%2Fcomments&post=21"}],"version-history":[{"count":34,"href":"https:\/\/psychotherapie-natter.de\/index.php?rest_route=\/wp\/v2\/pages\/21\/revisions"}],"predecessor-version":[{"id":553,"href":"https:\/\/psychotherapie-natter.de\/index.php?rest_route=\/wp\/v2\/pages\/21\/revisions\/553"}],"wp:attachment":[{"href":"https:\/\/psychotherapie-natter.de\/index.php?rest_route=%2Fwp%2Fv2%2Fmedia&parent=21"}],"curies":[{"name":"wp","href":"https:\/\/api.w.org\/{rel}","templated":true}]}}