{"id":199,"date":"2025-01-06T12:04:13","date_gmt":"2025-01-06T11:04:13","guid":{"rendered":"https:\/\/pt-natter.ddns.net\/?page_id=199"},"modified":"2025-06-23T17:13:07","modified_gmt":"2025-06-23T15:13:07","slug":"meine-leistungen","status":"publish","type":"page","link":"https:\/\/psychotherapie-natter.de\/?page_id=199","title":{"rendered":"Meine Leistungen"},"content":{"rendered":"\n<p>Meine psychotherapeutische Behandlung beruht auf den Grunds\u00e4tzen der kognitiven Verhaltenstherapie (KVT). Diese wissenschaftlich belegte Therapieform zielt darauf ab, ungesunde Denkmuster und Verhaltensweisen im Hier und Jetzt zu identifizieren, zu hinterfragen und zu ver\u00e4ndern, um emotionale Probleme zu bew\u00e4ltigen. Dabei werden ebenfalls relevante biografische Erlebnisse miteinbezogen. Die KVT basiert auf der Annahme, dass unsere Gedanken, Gef\u00fchle und Verhaltensweisen eng miteinander verbunden sind und sich gegenseitig beeinflussen. Weiterhin gilt, dass Verhalten erlernt ist und daher auch wieder ver\u00e4ndert werden kann. Durch das Erkennen und Umstrukturieren negativer Gedanken k\u00f6nnen positive Verhaltens\u00e4nderungen und eine emotionale Verbesserung erzielt werden. Um die Therapie wirksam zu gestalten, bedarf es wesentlich auch einer aktiven Mitarbeit des Patienten\/der Patientin, Sitzungen vor- und nachzubereiten und besprochene Verhaltensexperimente\/&#8221;Hausaufgaben&#8221; im Alltag umzusetzen.<\/p>\n\n\n\n<p>Dar\u00fcber hinaus integriere ich schematherapeutische, emotionsfokussierte und achtsamkeitsbasierte Interventionen.<\/p>\n\n\n\n<p><\/p>\n\n\n\n<p>Ich behandle<b> <\/b><strong style=\"font-weight: bold;\">gesetzlich <\/strong>und <strong>privat versicherte Personen<\/strong> und <strong>SelbstzahlerInnen<\/strong>.<br><br><\/p>\n\n\n\n<h2 class=\"wp-block-heading\">Behandlungsfelder<\/h2>\n\n\n\n<p>Zu meinem Behandlungsspektrum geh\u00f6ren u.a. folgende psychischen St\u00f6rungen bei Erwachsenen (ab 18J):<\/p>\n\n\n\n<ul class=\"wp-block-list\">\n<li>Depressionen<\/li>\n<\/ul>\n\n\n\n<ul class=\"wp-block-list\">\n<li>Angstst\u00f6rungen (Soziale oder generalisierte \u00c4ngste, Agoraphobie, Panikst\u00f6rung, spezifische Phobien etc.)<\/li>\n<\/ul>\n\n\n\n<ul class=\"wp-block-list\">\n<li>Essst\u00f6rungen<\/li>\n<\/ul>\n\n\n\n<ul class=\"wp-block-list\">\n<li>Zwangsst\u00f6rungen<\/li>\n<\/ul>\n\n\n\n<ul class=\"wp-block-list\">\n<li>Pers\u00f6nlichkeitsst\u00f6rungen (Borderline etc.)<\/li>\n<\/ul>\n\n\n\n<ul class=\"wp-block-list\">\n<li>Anpassungst\u00f6rungen<\/li>\n<\/ul>\n\n\n\n<p><\/p>\n","protected":false},"excerpt":{"rendered":"<p>Meine psychotherapeutische Behandlung beruht auf den Grunds\u00e4tzen der kognitiven Verhaltenstherapie (KVT). Diese wissenschaftlich belegte Therapieform zielt darauf ab, ungesunde Denkmuster und Verhaltensweisen im Hier und<\/p>\n","protected":false},"author":2,"featured_media":0,"parent":0,"menu_order":0,"comment_status":"closed","ping_status":"closed","template":"","meta":{"footnotes":""},"class_list":["post-199","page","type-page","status-publish","hentry"],"_links":{"self":[{"href":"https:\/\/psychotherapie-natter.de\/index.php?rest_route=\/wp\/v2\/pages\/199","targetHints":{"allow":["GET"]}}],"collection":[{"href":"https:\/\/psychotherapie-natter.de\/index.php?rest_route=\/wp\/v2\/pages"}],"about":[{"href":"https:\/\/psychotherapie-natter.de\/index.php?rest_route=\/wp\/v2\/types\/page"}],"author":[{"embeddable":true,"href":"https:\/\/psychotherapie-natter.de\/index.php?rest_route=\/wp\/v2\/users\/2"}],"replies":[{"embeddable":true,"href":"https:\/\/psychotherapie-natter.de\/index.php?rest_route=%2Fwp%2Fv2%2Fcomments&post=199"}],"version-history":[{"count":16,"href":"https:\/\/psychotherapie-natter.de\/index.php?rest_route=\/wp\/v2\/pages\/199\/revisions"}],"predecessor-version":[{"id":531,"href":"https:\/\/psychotherapie-natter.de\/index.php?rest_route=\/wp\/v2\/pages\/199\/revisions\/531"}],"wp:attachment":[{"href":"https:\/\/psychotherapie-natter.de\/index.php?rest_route=%2Fwp%2Fv2%2Fmedia&parent=199"}],"curies":[{"name":"wp","href":"https:\/\/api.w.org\/{rel}","templated":true}]}}